{"id":1516,"date":"2021-10-05T11:39:45","date_gmt":"2021-10-05T11:39:45","guid":{"rendered":"https:\/\/webmockup.in\/virtualize\/?page_id=1516"},"modified":"2021-10-05T11:39:45","modified_gmt":"2021-10-05T11:39:45","slug":"culture","status":"publish","type":"page","link":"https:\/\/virtualize.org.in\/index.php\/culture\/","title":{"rendered":"Culture"},"content":{"rendered":"<p>[vc_row disable_element=&#8221;yes&#8221; css=&#8221;.vc_custom_1633322718735{margin-top: 200px !important;padding-right: 100px !important;padding-left: 100px !important;}&#8221;][vc_column width=&#8221;2\/3&#8243;][vc_custom_heading text=&#8221;Mel Science VR&#8221; font_container=&#8221;tag:h1|text_align:left&#8221; use_theme_fonts=&#8221;yes&#8221;][vc_column_text css=&#8221;.vc_custom_1631940688661{margin-top: 0px !important;margin-right: 0px !important;margin-bottom: 0px !important;margin-left: 0px !important;border-top-width: 0px !important;border-right-width: 0px !important;border-bottom-width: 0px !important;border-left-width: 0px !important;padding-top: 0px !important;padding-right: 0px !important;padding-bottom: 0px !important;padding-left: 0px !important;}&#8221;]Mel Chem offers a comprehensive VR library of complex chemistry concepts in an easy to understand virtual content format. The Chemistry VR lessons from Mel Science is quite beneficial for students. Up until now, students were able to see atoms, molecules, and the bonding between them only in textbooks and on blackboards. But now they can see them in the virtual world and also figure out how they are arranged in different elements such as in salt, graphite, and diamond.<\/p>\n<p>Once students start experiencing the smallest to biggest parts of matter through virtual screens, they will be more interested in going deeper into the subject and learn concepts wholeheartedly. As of now, we have seen a 97-99% increment in the interest of students by learning using modern immersive technologies.<br \/>\n[\/vc_column_text][\/vc_column][vc_column width=&#8221;1\/3&#8243;][vc_single_image image=&#8221;1453&#8243; img_size=&#8221;full&#8221; css=&#8221;.vc_custom_1633082245173{margin-top: 0px !important;margin-right: 0px !important;margin-bottom: 0px !important;margin-left: 0px !important;border-top-width: 0px !important;border-right-width: 0px !important;border-bottom-width: 0px !important;border-left-width: 0px !important;padding-top: 0px !important;padding-right: 0px !important;padding-bottom: 0px !important;padding-left: 0px !important;}&#8221;][\/vc_column][\/vc_row][vc_row disable_element=&#8221;yes&#8221;][vc_column]    <!-- Start Services Single \r\n    ============================================= -->\r\n    <div class=\"services-single-area default-padding faq-area\">\r\n        <div class=\"container\">\r\n            <div class=\"row\">\r\n                <!-- Services Content -->\r\n                <div class=\"col-lg-8 services-content\">\r\n                    <div class=\"row\">\r\n                        <div class=\"col-lg-6\"><h2><\/h2>\r\n        <p><\/p><\/div>\r\n                        <div class=\"col-lg-6\">\r\n                            <p>\r\n                                \r\n                            <\/p>\r\n                        <\/div>\r\n                        <\/div><div class=\"faq-content\">\r\n                        <div class=\"accordion\" id=\"accordionExample\"><\/div>\r\n                    <\/div>\r\n                <\/div>\r\n                <!-- End Services Content -->[\/vc_column][\/vc_row][vc_row css=&#8221;.vc_custom_1633323459774{margin-top: 200px !important;padding-right: 100px !important;padding-left: 100px !important;}&#8221;][vc_column][vc_row_inner][vc_column_inner][vc_column_text]<\/p>\n<h3><strong>Culture :<\/strong><\/h3>\n<p>[\/vc_column_text][\/vc_column_inner][\/vc_row_inner][vc_row_inner][vc_column_inner width=&#8221;1\/2&#8243;][vc_column_text]\u00c7atalh\u00f6y\u00fck Shrine 10 &#8211; gallery<br \/>\nCorinthian Column<br \/>\nChapel of the Assumption of the Virgin Mary &#8211; Veve\u0159\u00ed<br \/>\nIonic Column<br \/>\nLevel VI.B &#8211; Shrine 10 Interior<br \/>\nMonument Square SNP<br \/>\nPortal Porta Paradise &#8211; T\u0159eb\u00ed\u010d<br \/>\nRomanesque Windows<br \/>\nRomanesque-Gothic Portal Porta coeli &#8211; Ti\u0161nov<br \/>\nStatue of St. Barbara<br \/>\nStonehenge[\/vc_column_text][\/vc_column_inner][vc_column_inner width=&#8221;1\/2&#8243;][vc_column_text]Comparison of Levels<br \/>\nDoric Column<br \/>\nChurch of St. Peter and Paul &#8211; \u0158eznovice<br \/>\nLevel VI.A &#8211; Shrine 10 Interior<br \/>\nLevel VII &#8211; Shrine 10 interior<br \/>\nRomanesque Vaults<br \/>\nRotunda of St. George &#8211; \u0158\u00edp<br \/>\nStatue of Asie<br \/>\nStatue of Tolerance<br \/>\nWooden statue[\/vc_column_text][\/vc_column_inner][\/vc_row_inner][\/vc_column][\/vc_row]<\/p>\n","protected":false},"excerpt":{"rendered":"<p>[vc_row disable_element=&#8221;yes&#8221; css=&#8221;.vc_custom_1633322718735{margin-top: 200px !important;padding-right: 100px !important;padding-left: 100px !important;}&#8221;][vc_column width=&#8221;2\/3&#8243;][vc_custom_heading text=&#8221;Mel Science VR&#8221; font_container=&#8221;tag:h1|text_align:left&#8221; use_theme_fonts=&#8221;yes&#8221;][vc_column_text css=&#8221;.vc_custom_1631940688661{margin-top: 0px !important;margin-right: 0px !important;margin-bottom: 0px !important;margin-left: 0px !important;border-top-width: 0px !important;border-right-width: 0px !important;border-bottom-width: 0px !important;border-left-width: 0px !important;padding-top: 0px !important;padding-right: 0px !important;padding-bottom: 0px !important;padding-left: 0px !important;}&#8221;]Mel Chem offers a comprehensive VR library of complex chemistry concepts in an easy to understand [&hellip;]<\/p>\n","protected":false},"author":1,"featured_media":0,"parent":0,"menu_order":0,"comment_status":"closed","ping_status":"closed","template":"page-templates\/pages.php","meta":{"footnotes":""},"class_list":["post-1516","page","type-page","status-publish","hentry"],"_links":{"self":[{"href":"https:\/\/virtualize.org.in\/index.php\/wp-json\/wp\/v2\/pages\/1516","targetHints":{"allow":["GET"]}}],"collection":[{"href":"https:\/\/virtualize.org.in\/index.php\/wp-json\/wp\/v2\/pages"}],"about":[{"href":"https:\/\/virtualize.org.in\/index.php\/wp-json\/wp\/v2\/types\/page"}],"author":[{"embeddable":true,"href":"https:\/\/virtualize.org.in\/index.php\/wp-json\/wp\/v2\/users\/1"}],"replies":[{"embeddable":true,"href":"https:\/\/virtualize.org.in\/index.php\/wp-json\/wp\/v2\/comments?post=1516"}],"version-history":[{"count":1,"href":"https:\/\/virtualize.org.in\/index.php\/wp-json\/wp\/v2\/pages\/1516\/revisions"}],"predecessor-version":[{"id":1517,"href":"https:\/\/virtualize.org.in\/index.php\/wp-json\/wp\/v2\/pages\/1516\/revisions\/1517"}],"wp:attachment":[{"href":"https:\/\/virtualize.org.in\/index.php\/wp-json\/wp\/v2\/media?parent=1516"}],"curies":[{"name":"wp","href":"https:\/\/api.w.org\/{rel}","templated":true}]}}